{"id":2,"date":"2024-11-21T11:31:33","date_gmt":"2024-11-21T11:31:33","guid":{"rendered":"https:\/\/kumlastad.se\/?page_id=2"},"modified":"2024-11-21T12:58:13","modified_gmt":"2024-11-21T12:58:13","slug":"sample-page","status":"publish","type":"page","link":"https:\/\/kumlastad.se\/","title":{"rendered":"Servicef\u00f6retaget i \u00d6rebro l\u00e4n"},"content":{"rendered":"\n<p><br>Lokalv\u00e5rdarna AB \u00e4r ett servicef\u00f6retag inom lokalv\u00e5rd verksamt i \u00d6rebro l\u00e4n. Sedan starten 1973 har vi levererat professionella st\u00e4dtj\u00e4nster till b\u00e5de f\u00f6retag och offentliga sektorn.<\/p>\n\n\n\n<p>Med <strong>20 engagerade medarbetare<\/strong> och en stark fokus p\u00e5 kvalitet och milj\u00f6, erbjuder vi ett brett utbud av tj\u00e4nster.<\/p>\n\n\n\n<p>Vi \u00e4r stolta medlemmar i <strong>branschorganisationen Almega<\/strong><\/p>\n\n\n\n<blockquote class=\"wp-block-quote is-layout-flow wp-block-quote-is-layout-flow\">\n<p>Vi \u00e4r certifierade enligt kvalitetsstandarden ISO 9001 och milj\u00f6standarden ISO 14001 vilket inneb\u00e4r att vi arbetar f\u00f6r st\u00e4ndiga f\u00f6rb\u00e4ttringar inom milj\u00f6 och kvalitet. Kvalitet \u00e4r f\u00f6r oss viktigare \u00e4n kvantitet. Kunden ska vara n\u00f6jd \u00e4ven p\u00e5 l\u00e5ng sikt.<\/p>\n<\/blockquote>\n\n\n\n<p><\/p>\n\n\n\n<p><strong>L\u00e5t oss skapa en ren och trivsam milj\u00f6 f\u00f6r dig!<\/strong><\/p>\n\n\n\n<p>Kontakta oss idag f\u00f6r att diskutera dina behov och hur vi kan hj\u00e4lpa dig.<\/p>\n","protected":false},"excerpt":{"rendered":"<p>Lokalv\u00e5rdarna AB \u00e4r ett servicef\u00f6retag inom lokalv\u00e5rd verksamt i \u00d6rebro l\u00e4n. Sedan starten 1973 har vi levererat professionella st\u00e4dtj\u00e4nster till b\u00e5de f\u00f6retag och offentliga sektorn. Med 20 engagerade medarbetare och en stark fokus p\u00e5 kvalitet och milj\u00f6, erbjuder vi ett brett utbud av tj\u00e4nster. Vi \u00e4r stolta medlemmar i branschorganisationen Almega Vi \u00e4r certifierade enligt [&hellip;]<\/p>\n","protected":false},"author":1,"featured_media":0,"parent":0,"menu_order":0,"comment_status":"closed","ping_status":"open","template":"","meta":{"footnotes":""},"class_list":["post-2","page","type-page","status-publish","hentry"],"_links":{"self":[{"href":"https:\/\/kumlastad.se\/index.php?rest_route=\/wp\/v2\/pages\/2","targetHints":{"allow":["GET"]}}],"collection":[{"href":"https:\/\/kumlastad.se\/index.php?rest_route=\/wp\/v2\/pages"}],"about":[{"href":"https:\/\/kumlastad.se\/index.php?rest_route=\/wp\/v2\/types\/page"}],"author":[{"embeddable":true,"href":"https:\/\/kumlastad.se\/index.php?rest_route=\/wp\/v2\/users\/1"}],"replies":[{"embeddable":true,"href":"https:\/\/kumlastad.se\/index.php?rest_route=%2Fwp%2Fv2%2Fcomments&post=2"}],"version-history":[{"count":3,"href":"https:\/\/kumlastad.se\/index.php?rest_route=\/wp\/v2\/pages\/2\/revisions"}],"predecessor-version":[{"id":25,"href":"https:\/\/kumlastad.se\/index.php?rest_route=\/wp\/v2\/pages\/2\/revisions\/25"}],"wp:attachment":[{"href":"https:\/\/kumlastad.se\/index.php?rest_route=%2Fwp%2Fv2%2Fmedia&parent=2"}],"curies":[{"name":"wp","href":"https:\/\/api.w.org\/{rel}","templated":true}]}}